{"id":36246,"date":"2024-07-19T07:30:20","date_gmt":"2024-07-19T07:30:20","guid":{"rendered":"https:\/\/wordpress.zozothemes.com\/igual\/?page_id=36246"},"modified":"2024-11-12T11:08:27","modified_gmt":"2024-11-12T11:08:27","slug":"testimonials","status":"publish","type":"page","link":"https:\/\/aktodorovic.rs\/sr\/testimonials\/","title":{"rendered":"PREPORUKE"},"content":{"rendered":"<div data-elementor-type=\"wp-page\" data-elementor-id=\"36246\" class=\"elementor elementor-36246\">\n\t\t\t\t\t\t<section class=\"elementor-section elementor-top-section elementor-element elementor-element-cb31117 elementor-section-content-middle elementor-section-stretched cus-float-img elementor-section-boxed elementor-section-height-default elementor-section-height-default\" data-id=\"cb31117\" data-element_type=\"section\" data-e-type=\"section\" data-settings=\"{&quot;stretch_section&quot;:&quot;section-stretched&quot;,&quot;background_background&quot;:&quot;classic&quot;}\">\n\t\t\t\t\t\t\t<div class=\"elementor-background-overlay\"><\/div>\n\t\t\t\t\t\t\t<div class=\"elementor-container elementor-column-gap-extended\">\n\t\t\t\t\t<div class=\"elementor-column elementor-col-100 elementor-top-column elementor-element elementor-element-1a266e3e\" data-id=\"1a266e3e\" data-element_type=\"column\" data-e-type=\"column\">\n\t\t\t<div class=\"elementor-widget-wrap elementor-element-populated\">\n\t\t\t\t\t\t<section class=\"elementor-section elementor-inner-section elementor-element elementor-element-23af81fa elementor-section-boxed elementor-section-height-default elementor-section-height-default\" data-id=\"23af81fa\" data-element_type=\"section\" data-e-type=\"section\">\n\t\t\t\t\t\t<div class=\"elementor-container elementor-column-gap-default\">\n\t\t\t\t\t<div class=\"elementor-column elementor-col-100 elementor-inner-column elementor-element elementor-element-464b7c80\" data-id=\"464b7c80\" data-element_type=\"column\" data-e-type=\"column\">\n\t\t\t<div class=\"elementor-widget-wrap elementor-element-populated\">\n\t\t\t\t\t\t<div class=\"elementor-element elementor-element-6e0f621d cus-testimonial-page elementor-invisible elementor-widget elementor-widget-ceatestimonial\" data-id=\"6e0f621d\" data-element_type=\"widget\" data-e-type=\"widget\" data-settings=\"{&quot;_animation&quot;:&quot;fadeInUp&quot;}\" data-widget_type=\"ceatestimonial.default\">\n\t\t\t\t\n\t\t<div class=\"elementor-widget-container testimonial-wrapper testimonial-style-list testimonial-light testimonial-normal-model image-gallery\">\n\t\t\n\t\t\t<div class=\"row\"><div class=\"col-lg-12 col-md-12\" ><div class=\"testimonial-inner\"><div class=\"media\"><div class=\"post-thumb\"><a href=\"https:\/\/aktodorovic.rs\/sr\/testimonial\/ivan-r-novi-sad\/\" class=\"post-image-link\"><img decoding=\"async\" src=\"https:\/\/aktodorovic.rs\/wp-content\/uploads\/elementor\/thumbs\/cropped-Universal-qvxjcup945aig9m7w4vlfdwcxsampgh6amljpavdqa.jpg\" title=\"cropped-Universal.jpg\" alt=\"\" class=\"img-fluid rounded-circle\" \/><\/a><\/div><!-- .post-thumb --><div class=\"media-body\"><div class=\"post-excerpt\">Advokatska kancelarija Todorovi\u0107 bila je neverovatan saveznik u zalaganju za moja prava. Njihova empatija i posve\u0107enost zakonodavstvu o ljudskim pravima vidljivi su u svemu \u0161to rade. Pru\u017eili su moju\u2026<\/div><!-- .post-excerpt --><h4 class=\"post-title-head\"><a href=\"https:\/\/aktodorovic.rs\/sr\/testimonial\/ivan-r-novi-sad\/\" class=\"client-name post-title\">\u2014 Ivan R., Novi Sad<\/a><\/h4><div class=\"top-meta clearfix\"><ul class=\"nav top-meta-list meta-left\"><li><div class=\"testimonial-designation\"><div class=\"post-designation-head\">Ljudska prava<\/div><\/div><!-- .testimonial-designation --><\/li><li><div class=\"testimonial-rating\"><p><i class=\"fa fa-star\"><\/i><i class=\"fa fa-star\"><\/i><i class=\"fa fa-star\"><\/i><i class=\"fa fa-star\"><\/i><i class=\"fa fa-star\"><\/i><\/p><\/div><!-- .testimonial-rating --><\/li><\/ul><\/div><\/div><!-- .media --><\/div><!-- .media-body --><\/div><!-- .testimonial-inner --><\/div><!-- .col \/ .owl-carousel-item \/ .isotope --><\/div><!-- .row --><div class=\"row\"><div class=\"col-lg-12 col-md-12\" ><div class=\"testimonial-inner\"><div class=\"media\"><div class=\"post-thumb\"><a href=\"https:\/\/aktodorovic.rs\/sr\/testimonial\/natasa-j-kikinda\/\" class=\"post-image-link\"><img decoding=\"async\" src=\"https:\/\/aktodorovic.rs\/wp-content\/uploads\/elementor\/thumbs\/cropped-Universal-qvxjcup945aig9m7w4vlfdwcxsampgh6amljpavdqa.jpg\" title=\"cropped-Universal.jpg\" alt=\"\" class=\"img-fluid rounded-circle img-fluid rounded-circle\" \/><\/a><\/div><!-- .post-thumb --><div class=\"media-body\"><div class=\"post-excerpt\">Poverili smo Advokatskoj kancelariji Todorovi\u0107 slo\u017een spor u oblasti trgovine, i prema\u0161ili su na\u0161a o\u010dekivanja. Njihovo duboko znanje poslovnog prava, u kombinaciji sa strate\u0161kim pristupom, omogu\u0107ilo im je da..<\/div><!-- .post-excerpt --><h4 class=\"post-title-head\"><a href=\"https:\/\/aktodorovic.rs\/sr\/testimonial\/natasa-j-kikinda\/\" class=\"client-name post-title\">\u2014 Nata\u0161a J., Kikinda<\/a><\/h4><div class=\"top-meta clearfix\"><ul class=\"nav top-meta-list meta-left\"><li><div class=\"testimonial-designation\"><div class=\"post-designation-head\">Privredno pravo<\/div><\/div><!-- .testimonial-designation --><\/li><li><div class=\"testimonial-rating\"><p><i class=\"fa fa-star\"><\/i><i class=\"fa fa-star\"><\/i><i class=\"fa fa-star\"><\/i><i class=\"fa fa-star\"><\/i><i class=\"fa fa-star\"><\/i><\/p><\/div><!-- .testimonial-rating --><\/li><\/ul><\/div><\/div><!-- .media --><\/div><!-- .media-body --><\/div><!-- .testimonial-inner --><\/div><!-- .col \/ .owl-carousel-item \/ .isotope --><\/div><!-- .row --><div class=\"row\"><div class=\"col-lg-12 col-md-12\" ><div class=\"testimonial-inner\"><div class=\"media\"><div class=\"post-thumb\"><a href=\"https:\/\/aktodorovic.rs\/sr\/testimonial\/marko-m-belgrade\/\" class=\"post-image-link\"><img decoding=\"async\" src=\"https:\/\/aktodorovic.rs\/wp-content\/uploads\/elementor\/thumbs\/cropped-Universal-qvxjcup945aig9m7w4vlfdwcxsampgh6amljpavdqa.jpg\" title=\"cropped-Universal.jpg\" alt=\"\" class=\"img-fluid rounded-circle img-fluid rounded-circle img-fluid rounded-circle\" \/><\/a><\/div><!-- .post-thumb --><div class=\"media-body\"><div class=\"post-excerpt\">Saradnja sa Advokatskom kancelarijom Todorovi\u0107 bila je spas tokom jednog od najizazovnijih perioda u mom \u017eivotu. Njihov tim je moj slu\u010daj re\u0161avao sa najve\u0107om pa\u017enjom i po\u0161tovanjem, pa\u017eljivo pripremaju\u0107i..<\/div><!-- .post-excerpt --><h4 class=\"post-title-head\"><a href=\"https:\/\/aktodorovic.rs\/sr\/testimonial\/marko-m-belgrade\/\" class=\"client-name post-title\">\u2014 Marko M., Beograd<\/a><\/h4><div class=\"top-meta clearfix\"><ul class=\"nav top-meta-list meta-left\"><li><div class=\"testimonial-designation\"><div class=\"post-designation-head\">Krivi\u010dno pravo<\/div><\/div><!-- .testimonial-designation --><\/li><li><div class=\"testimonial-rating\"><p><i class=\"fa fa-star\"><\/i><i class=\"fa fa-star\"><\/i><i class=\"fa fa-star\"><\/i><i class=\"fa fa-star\"><\/i><i class=\"fa fa-star\"><\/i><\/p><\/div><!-- .testimonial-rating --><\/li><\/ul><\/div><\/div><!-- .media --><\/div><!-- .media-body --><\/div><!-- .testimonial-inner --><\/div><!-- .col \/ .owl-carousel-item \/ .isotope --><\/div><!-- .row --><div class=\"row\"><div class=\"col-lg-12 col-md-12\" ><div class=\"testimonial-inner\"><div class=\"media\"><div class=\"post-thumb\"><a href=\"https:\/\/aktodorovic.rs\/sr\/testimonial\/ljubica-p-belgrade\/\" class=\"post-image-link\"><img decoding=\"async\" src=\"https:\/\/aktodorovic.rs\/wp-content\/uploads\/elementor\/thumbs\/cropped-Universal-qvxjcup945aig9m7w4vlfdwcxsampgh6amljpavdqa.jpg\" title=\"cropped-Universal.jpg\" alt=\"\" class=\"img-fluid rounded-circle img-fluid rounded-circle img-fluid rounded-circle img-fluid rounded-circle\" \/><\/a><\/div><!-- .post-thumb --><div class=\"media-body\"><div class=\"post-excerpt\">Radio sam sa mnogim advokatskim kancelarijama, ali Advokatska kancelarija Todorovi\u0107 se izdvaja po svom integritetu, ve\u0161tini i li\u010dnom pristupu. Uspe\u0161no su re\u0161avali razli\u010dite slu\u010dajeve za moju porodicu i biznis..<\/div><!-- .post-excerpt --><h4 class=\"post-title-head\"><a href=\"https:\/\/aktodorovic.rs\/sr\/testimonial\/ljubica-p-belgrade\/\" class=\"client-name post-title\">\u2014 Ljubica P., Beograd<\/a><\/h4><div class=\"top-meta clearfix\"><ul class=\"nav top-meta-list meta-left\"><li><div class=\"testimonial-designation\"><div class=\"post-designation-head\">OP\u0160TE PRAVNO ZNANJE<\/div><\/div><!-- .testimonial-designation --><\/li><li><div class=\"testimonial-rating\"><p><i class=\"fa fa-star\"><\/i><i class=\"fa fa-star\"><\/i><i class=\"fa fa-star\"><\/i><i class=\"fa fa-star\"><\/i><i class=\"fa fa-star\"><\/i><\/p><\/div><!-- .testimonial-rating --><\/li><\/ul><\/div><\/div><!-- .media --><\/div><!-- .media-body --><\/div><!-- .testimonial-inner --><\/div><!-- .col \/ .owl-carousel-item \/ .isotope --><\/div><!-- .row -->\t\t\t\n\t\t<\/div>\n\t\t\t\t<\/div>\n\t\t\t\t\t<\/div>\n\t\t<\/div>\n\t\t\t\t\t<\/div>\n\t\t<\/section>\n\t\t\t\t\t<\/div>\n\t\t<\/div>\n\t\t\t\t\t<\/div>\n\t\t<\/section>\n\t\t\t\t<\/div>","protected":false},"excerpt":{"rendered":"<p>Lorem Ipsum is simply dummy text of the printing and typesetting industry. Lorem Ipsum has been the industry&#8217;s standard dummy text ever since the 1500s, when an unknown printer took&hellip;..<\/p>","protected":false},"author":1,"featured_media":0,"parent":0,"menu_order":0,"comment_status":"closed","ping_status":"closed","template":"","meta":{"footnotes":""},"class_list":["post-36246","page","type-page","status-publish","hentry"],"_links":{"self":[{"href":"https:\/\/aktodorovic.rs\/sr\/wp-json\/wp\/v2\/pages\/36246","targetHints":{"allow":["GET"]}}],"collection":[{"href":"https:\/\/aktodorovic.rs\/sr\/wp-json\/wp\/v2\/pages"}],"about":[{"href":"https:\/\/aktodorovic.rs\/sr\/wp-json\/wp\/v2\/types\/page"}],"author":[{"embeddable":true,"href":"https:\/\/aktodorovic.rs\/sr\/wp-json\/wp\/v2\/users\/1"}],"replies":[{"embeddable":true,"href":"https:\/\/aktodorovic.rs\/sr\/wp-json\/wp\/v2\/comments?post=36246"}],"version-history":[{"count":3,"href":"https:\/\/aktodorovic.rs\/sr\/wp-json\/wp\/v2\/pages\/36246\/revisions"}],"predecessor-version":[{"id":37067,"href":"https:\/\/aktodorovic.rs\/sr\/wp-json\/wp\/v2\/pages\/36246\/revisions\/37067"}],"wp:attachment":[{"href":"https:\/\/aktodorovic.rs\/sr\/wp-json\/wp\/v2\/media?parent=36246"}],"curies":[{"name":"wp","href":"https:\/\/api.w.org\/{rel}","templated":true}]}}