{"id":36243,"date":"2024-07-19T07:30:11","date_gmt":"2024-07-19T07:30:11","guid":{"rendered":"https:\/\/wordpress.zozothemes.com\/igual\/?page_id=36243"},"modified":"2024-10-22T09:33:51","modified_gmt":"2024-10-22T09:33:51","slug":"service","status":"publish","type":"page","link":"https:\/\/aktodorovic.rs\/sr\/service\/","title":{"rendered":"Usluge"},"content":{"rendered":"<div data-elementor-type=\"wp-page\" data-elementor-id=\"36243\" class=\"elementor elementor-36243\">\n\t\t\t\t\t\t<section class=\"elementor-section elementor-top-section elementor-element elementor-element-37607c13 elementor-section-stretched elementor-section-boxed elementor-section-height-default elementor-section-height-default\" data-id=\"37607c13\" data-element_type=\"section\" data-e-type=\"section\" data-settings=\"{&quot;stretch_section&quot;:&quot;section-stretched&quot;}\">\n\t\t\t\t\t\t<div class=\"elementor-container elementor-column-gap-wide\">\n\t\t\t\t\t<div class=\"elementor-column elementor-col-100 elementor-top-column elementor-element elementor-element-444851dd\" data-id=\"444851dd\" data-element_type=\"column\" data-e-type=\"column\">\n\t\t\t<div class=\"elementor-widget-wrap elementor-element-populated\">\n\t\t\t\t\t\t<div class=\"elementor-element elementor-element-c0605ff elementor-widget elementor-widget-ceaservice\" data-id=\"c0605ff\" data-element_type=\"widget\" data-e-type=\"widget\" data-widget_type=\"ceaservice.default\">\n\t\t\t\t\n\t\t<div class=\"elementor-widget-container service-wrapper service-style-default service-light service-normal-model\">\n\t\t\n\t\t\t<div class=\"row\"><div class=\"col-lg-6 col-md-6\" ><div class=\"service-inner\"><div class=\"service-icon-img-wrap\"><img decoding=\"async\" src=\"https:\/\/aktodorovic.rs\/wp-content\/uploads\/2022\/07\/protest-1-1.png\" class=\"img-fluid service-icon-img\" alt=\"Human Rights\" \/><\/div><div class=\"entry-title\"><h4 class=\"post-title-head\"><a href=\"https:\/\/aktodorovic.rs\/sr\/service\/human-rights\/\" class=\"post-title\">Ljudska prava<\/a><\/h4><\/div><!-- .entry-title --><div class=\"post-excerpt\">Ljudska i manjinska prava su, pre svega, zagarantovana Ustavom i potvr\u0111ena me\u0111unarodnim zakonima i sporazumima; kao takva, predstavljaju pitanje\u2026<\/div><!-- .post-excerpt --><\/div><!-- .service-inner --><\/div><!-- .col \/ .owl-carousel-item \/ .isotope --><div class=\"col-lg-6 col-md-6\" ><div class=\"service-inner\"><div class=\"service-icon-img-wrap\"><img decoding=\"async\" src=\"https:\/\/aktodorovic.rs\/wp-content\/uploads\/2022\/07\/contract-1-1.png\" class=\"img-fluid service-icon-img\" alt=\"Commercial Law\" \/><\/div><div class=\"entry-title\"><h4 class=\"post-title-head\"><a href=\"https:\/\/aktodorovic.rs\/sr\/service\/commercial-law\/\" class=\"post-title\">Privredno pravo<\/a><\/h4><\/div><!-- .entry-title --><div class=\"post-excerpt\">S obzirom na povezanost prava i ekonomije u eri globalizacije i primene savremenih tehnologija, u okviru oblasti privrednog prava\u2026<\/div><!-- .post-excerpt --><\/div><!-- .service-inner --><\/div><!-- .col \/ .owl-carousel-item \/ .isotope --><\/div><!-- .row --><div class=\"row\"><div class=\"col-lg-6 col-md-6\" ><div class=\"service-inner\"><div class=\"service-icon-img-wrap\"><img decoding=\"async\" src=\"https:\/\/aktodorovic.rs\/wp-content\/uploads\/2022\/07\/divorce-1.png\" class=\"img-fluid service-icon-img\" alt=\"Family And Inheritance Law\" \/><\/div><div class=\"entry-title\"><h4 class=\"post-title-head\"><a href=\"https:\/\/aktodorovic.rs\/sr\/service\/family-and-inheritance-law\/\" class=\"post-title\">Porodi\u010dno i nasledno pravo<\/a><\/h4><\/div><!-- .entry-title --><div class=\"post-excerpt\">Na\u0161 tim posve\u0107uje posebnu pa\u017enju porodi\u010dnom pravu zbog brojnih specifi\u010dnih i osetljivih tema koje ono obuhvata. Kroz detaljnu analizu problema, nastojimo da\u2026<\/div><!-- .post-excerpt --><\/div><!-- .service-inner --><\/div><!-- .col \/ .owl-carousel-item \/ .isotope --><div class=\"col-lg-6 col-md-6\" ><div class=\"service-inner\"><div class=\"service-icon-img-wrap\"><img decoding=\"async\" src=\"https:\/\/aktodorovic.rs\/wp-content\/uploads\/2022\/07\/contract-1-1.png\" class=\"img-fluid service-icon-img\" alt=\"Constitutional law\" \/><\/div><div class=\"entry-title\"><h4 class=\"post-title-head\"><a href=\"https:\/\/aktodorovic.rs\/sr\/service\/constitutional-law\/\" class=\"post-title\">Ustavno pravo<\/a><\/h4><\/div><!-- .entry-title --><div class=\"post-excerpt\">U oblasti ustavnog prava, na\u0161 tim stru\u010dnjaka pru\u017ea \u0161irok spektar usluga. Na\u0161e usluge i pravno savetovanje obuhvataju zastupanje fizi\u010dkih i\u2026<\/div><!-- .post-excerpt --><\/div><!-- .service-inner --><\/div><!-- .col \/ .owl-carousel-item \/ .isotope --><\/div><!-- .row --><div class=\"row\"><div class=\"col-lg-6 col-md-6\" ><div class=\"service-inner\"><div class=\"service-icon-img-wrap\"><img decoding=\"async\" src=\"https:\/\/aktodorovic.rs\/wp-content\/uploads\/2022\/07\/news-1-1.png\" class=\"img-fluid service-icon-img\" alt=\"Criminal Proceedings\" \/><\/div><div class=\"entry-title\"><h4 class=\"post-title-head\"><a href=\"https:\/\/aktodorovic.rs\/sr\/service\/criminal-proceedings\/\" class=\"post-title\">Krivi\u010dni postupak<\/a><\/h4><\/div><!-- .entry-title --><div class=\"post-excerpt\">Tim advokata Advokatske kancelarije Todorovi\u0107 ima vi\u0161egodi\u0161nje iskustvo u oblasti krivi\u010dnog prava, ste\u010deno kroz postupke pred sudovima\u2026<\/div><!-- .post-excerpt --><\/div><!-- .service-inner --><\/div><!-- .col \/ .owl-carousel-item \/ .isotope --><div class=\"col-lg-6 col-md-6\" ><div class=\"service-inner\"><div class=\"service-icon-img-wrap\"><img decoding=\"async\" src=\"https:\/\/aktodorovic.rs\/wp-content\/uploads\/2022\/07\/business-1.png\" class=\"img-fluid service-icon-img\" alt=\"Tax and financial law\" \/><\/div><div class=\"entry-title\"><h4 class=\"post-title-head\"><a href=\"https:\/\/aktodorovic.rs\/sr\/service\/tax-and-financial-law\/\" class=\"post-title\">Poresko i finansijsko pravo<\/a><\/h4><\/div><!-- .entry-title --><div class=\"post-excerpt\">Na\u0161 tim je osposobljen za re\u0161avanje \u0161irokog spektra problema sa kojima se na\u0161i klijenti mogu susresti u oblasti poreskog i finansijskog prava. Mi\u2026<\/div><!-- .post-excerpt --><\/div><!-- .service-inner --><\/div><!-- .col \/ .owl-carousel-item \/ .isotope --><\/div><!-- .row --><div class=\"row\"><div class=\"col-lg-6 col-md-6\" ><div class=\"service-inner\"><div class=\"service-icon-img-wrap\"><img decoding=\"async\" src=\"https:\/\/aktodorovic.rs\/wp-content\/uploads\/2022\/07\/news-1-1.png\" class=\"img-fluid service-icon-img\" alt=\"Damage Compensation\" \/><\/div><div class=\"entry-title\"><h4 class=\"post-title-head\"><a href=\"https:\/\/aktodorovic.rs\/sr\/service\/damage-compensation\/\" class=\"post-title\">Naknada \u0161tete<\/a><\/h4><\/div><!-- .entry-title --><div class=\"post-excerpt\">Nadoknada \u0161tete je pitanje od posebnog zna\u010daja i mo\u017ee se primeniti na gotovo svaku granu prava, pri \u010demu se pre svega odnosi na naknadu za\u2026<\/div><!-- .post-excerpt --><\/div><!-- .service-inner --><\/div><!-- .col \/ .owl-carousel-item \/ .isotope --><div class=\"col-lg-6 col-md-6\" ><div class=\"service-inner\"><div class=\"service-icon-img-wrap\"><img decoding=\"async\" src=\"https:\/\/aktodorovic.rs\/wp-content\/uploads\/2022\/07\/business-1.png\" class=\"img-fluid service-icon-img\" alt=\"Administrative Proceedings\" \/><\/div><div class=\"entry-title\"><h4 class=\"post-title-head\"><a href=\"https:\/\/aktodorovic.rs\/sr\/service\/administrative-proceedings\/\" class=\"post-title\">Upravni postupak<\/a><\/h4><\/div><!-- .entry-title --><div class=\"post-excerpt\">Pojam upravnog postupka odnosi se na procesne pravne propise koji se primenjuju na odluke dr\u017eavnih organa i organizacija sa javnim ovla\u0161\u0107enjima\u2026<\/div><!-- .post-excerpt --><\/div><!-- .service-inner --><\/div><!-- .col \/ .owl-carousel-item \/ .isotope --><\/div><!-- .row --><div class=\"row\"><div class=\"col-lg-6 col-md-6\" ><div class=\"service-inner\"><div class=\"service-icon-img-wrap\"><img decoding=\"async\" src=\"https:\/\/aktodorovic.rs\/wp-content\/uploads\/2022\/07\/divorce-1.png\" class=\"img-fluid service-icon-img\" alt=\"Litigation Proceedings\" \/><\/div><div class=\"entry-title\"><h4 class=\"post-title-head\"><a href=\"https:\/\/aktodorovic.rs\/sr\/service\/litigation-proceedings\/\" class=\"post-title\">Parni\u010dni postupak<\/a><\/h4><\/div><!-- .entry-title --><div class=\"post-excerpt\">Advokatska kancelarija Todorovi\u0107 ima tim advokata specijalizovanih za vo\u0111enje parni\u010dnih postupaka u oblasti privrednog i gra\u0111anskog prava, koji kroz detaljnu analizu problema pru\u017eaju svojim\u2026<\/div><!-- .post-excerpt --><\/div><!-- .service-inner --><\/div><!-- .col \/ .owl-carousel-item \/ .isotope --><div class=\"col-lg-6 col-md-6\" ><div class=\"service-inner\"><div class=\"service-icon-img-wrap\"><img decoding=\"async\" src=\"https:\/\/aktodorovic.rs\/wp-content\/uploads\/2022\/07\/contract-1-1.png\" class=\"img-fluid service-icon-img\" alt=\"Contracts\" \/><\/div><div class=\"entry-title\"><h4 class=\"post-title-head\"><a href=\"https:\/\/aktodorovic.rs\/sr\/service\/contracts\/\" class=\"post-title\">Ugovori<\/a><\/h4><\/div><!-- .entry-title --><div class=\"post-excerpt\">Osnivanje, pregovaranje, izmene i dopune, kao i raskid ugovornih odnosa predstavljaju oblast u kojoj tim Advokatske kancelarije Todorovi\u0107, vo\u0111en\u2026<\/div><!-- .post-excerpt --><\/div><!-- .service-inner --><\/div><!-- .col \/ .owl-carousel-item \/ .isotope --><\/div><!-- .row -->\t\t\t\n\t\t<\/div>\n\t\t\t\t<\/div>\n\t\t\t\t\t<\/div>\n\t\t<\/div>\n\t\t\t\t\t<\/div>\n\t\t<\/section>\n\t\t\t\t<\/div>","protected":false},"excerpt":{"rendered":"<p>Tax and financial law Our team is equipped to deal with a wide range of problems that our clients may encounter in regards to tax..<\/p>","protected":false},"author":1,"featured_media":0,"parent":0,"menu_order":0,"comment_status":"closed","ping_status":"closed","template":"","meta":{"footnotes":""},"class_list":["post-36243","page","type-page","status-publish","hentry"],"_links":{"self":[{"href":"https:\/\/aktodorovic.rs\/sr\/wp-json\/wp\/v2\/pages\/36243","targetHints":{"allow":["GET"]}}],"collection":[{"href":"https:\/\/aktodorovic.rs\/sr\/wp-json\/wp\/v2\/pages"}],"about":[{"href":"https:\/\/aktodorovic.rs\/sr\/wp-json\/wp\/v2\/types\/page"}],"author":[{"embeddable":true,"href":"https:\/\/aktodorovic.rs\/sr\/wp-json\/wp\/v2\/users\/1"}],"replies":[{"embeddable":true,"href":"https:\/\/aktodorovic.rs\/sr\/wp-json\/wp\/v2\/comments?post=36243"}],"version-history":[{"count":3,"href":"https:\/\/aktodorovic.rs\/sr\/wp-json\/wp\/v2\/pages\/36243\/revisions"}],"predecessor-version":[{"id":36650,"href":"https:\/\/aktodorovic.rs\/sr\/wp-json\/wp\/v2\/pages\/36243\/revisions\/36650"}],"wp:attachment":[{"href":"https:\/\/aktodorovic.rs\/sr\/wp-json\/wp\/v2\/media?parent=36243"}],"curies":[{"name":"wp","href":"https:\/\/api.w.org\/{rel}","templated":true}]}}