{"id":36133,"date":"2024-07-19T06:11:09","date_gmt":"2024-07-19T06:11:09","guid":{"rendered":"https:\/\/wordpress.zozothemes.com\/igual\/?page_id=36133"},"modified":"2024-11-17T23:19:06","modified_gmt":"2024-11-17T23:19:06","slug":"our-team","status":"publish","type":"page","link":"https:\/\/aktodorovic.rs\/sr\/our-team\/","title":{"rendered":"NA\u0160 TIM"},"content":{"rendered":"<div data-elementor-type=\"wp-page\" data-elementor-id=\"36133\" class=\"elementor elementor-36133\">\n\t\t\t\t\t\t<section class=\"elementor-section elementor-top-section elementor-element elementor-element-9d03560 elementor-section-full_width elementor-section-height-default elementor-section-height-default\" data-id=\"9d03560\" data-element_type=\"section\" data-e-type=\"section\">\n\t\t\t\t\t\t<div class=\"elementor-container elementor-column-gap-extended\">\n\t\t\t\t\t<div class=\"elementor-column elementor-col-100 elementor-top-column elementor-element elementor-element-2da551d\" data-id=\"2da551d\" data-element_type=\"column\" data-e-type=\"column\" data-settings=\"{&quot;background_background&quot;:&quot;classic&quot;}\">\n\t\t\t<div class=\"elementor-widget-wrap elementor-element-populated\">\n\t\t\t\t\t\t<div class=\"elementor-element elementor-element-a7c4d2d elementor-widget elementor-widget-ceateam\" data-id=\"a7c4d2d\" data-element_type=\"widget\" data-e-type=\"widget\" data-widget_type=\"ceateam.default\">\n\t\t\t\t\r\n\t\t<div class=\"elementor-widget-container team-wrapper team-style-default team-light team-normal-model\">\r\n\t\t\r\n\t\t\t<div class=\"row\"><div class=\"col-lg-3 col-md-6\" ><div class=\"team-inner\"><div class=\"entry-title\"><h4 class=\"post-title-head\"><a href=\"https:\/\/aktodorovic.rs\/sr\/team\/dragan-todorovic\/\" class=\"post-title\">DRAGAN TODOROVI\u0106<\/a><\/h4><\/div><!-- .entry-title --><div class=\"team-designation\"><div class=\"post-designation-head\">Advokat<\/div><\/div><!-- .team-designation --><div class=\"post-thumb\"><a href=\"https:\/\/aktodorovic.rs\/sr\/team\/dragan-todorovic\/\" class=\"post-image-link\"><img fetchpriority=\"high\" decoding=\"async\" width=\"1125\" height=\"1432\" src=\"https:\/\/aktodorovic.rs\/wp-content\/uploads\/2024\/10\/black-Dragan-T.png\" class=\"img-fluid squared attachment-post-thumbnail size-post-thumbnail\" alt=\"\" srcset=\"https:\/\/aktodorovic.rs\/wp-content\/uploads\/2024\/10\/black-Dragan-T.png 1125w, https:\/\/aktodorovic.rs\/wp-content\/uploads\/2024\/10\/black-Dragan-T-768x978.png 768w\" sizes=\"(max-width: 1125px) 100vw, 1125px\" \/><\/a><\/div><!-- .post-thumb --><\/div><!-- .team-inner --><\/div><!-- .col \/ .owl-carousel-item \/ .isotope --><div class=\"col-lg-3 col-md-6\" ><div class=\"team-inner\"><div class=\"entry-title\"><h4 class=\"post-title-head\"><a href=\"https:\/\/aktodorovic.rs\/sr\/team\/aleksandar-todorovic-phd\/\" class=\"post-title\">Dr ALEKSANDAR TODOROVI\u0106<\/a><\/h4><\/div><!-- .entry-title --><div class=\"team-designation\"><div class=\"post-designation-head\">Advokat<\/div><\/div><!-- .team-designation --><div class=\"post-thumb\"><a href=\"https:\/\/aktodorovic.rs\/sr\/team\/aleksandar-todorovic-phd\/\" class=\"post-image-link\"><img decoding=\"async\" width=\"1125\" height=\"1432\" src=\"https:\/\/aktodorovic.rs\/wp-content\/uploads\/2024\/10\/black-Aleksandar-T.jpg\" class=\"img-fluid squared attachment-post-thumbnail size-post-thumbnail img-fluid squared attachment-post-thumbnail size-post-thumbnail\" alt=\"\" srcset=\"https:\/\/aktodorovic.rs\/wp-content\/uploads\/2024\/10\/black-Aleksandar-T.jpg 1125w, https:\/\/aktodorovic.rs\/wp-content\/uploads\/2024\/10\/black-Aleksandar-T-768x978.jpg 768w\" sizes=\"(max-width: 1125px) 100vw, 1125px\" \/><\/a><\/div><!-- .post-thumb --><\/div><!-- .team-inner --><\/div><!-- .col \/ .owl-carousel-item \/ .isotope --><div class=\"col-lg-3 col-md-6\" ><div class=\"team-inner\"><div class=\"entry-title\"><h4 class=\"post-title-head\"><a href=\"https:\/\/aktodorovic.rs\/sr\/team\/nikolina-francuski\/\" class=\"post-title\">NIKOLINA FRANCUSKI<\/a><\/h4><\/div><!-- .entry-title --><div class=\"team-designation\"><div class=\"post-designation-head\">Advokatski pripravnik<\/div><\/div><!-- .team-designation --><div class=\"post-thumb\"><a href=\"https:\/\/aktodorovic.rs\/sr\/team\/nikolina-francuski\/\" class=\"post-image-link\"><img decoding=\"async\" width=\"1125\" height=\"1432\" src=\"https:\/\/aktodorovic.rs\/wp-content\/uploads\/2024\/10\/Nikolina-Francuski.jpg\" class=\"img-fluid squared attachment-post-thumbnail size-post-thumbnail img-fluid squared attachment-post-thumbnail size-post-thumbnail img-fluid squared attachment-post-thumbnail size-post-thumbnail\" alt=\"\" srcset=\"https:\/\/aktodorovic.rs\/wp-content\/uploads\/2024\/10\/Nikolina-Francuski.jpg 1125w, https:\/\/aktodorovic.rs\/wp-content\/uploads\/2024\/10\/Nikolina-Francuski-768x978.jpg 768w\" sizes=\"(max-width: 1125px) 100vw, 1125px\" \/><\/a><\/div><!-- .post-thumb --><\/div><!-- .team-inner --><\/div><!-- .col \/ .owl-carousel-item \/ .isotope --><div class=\"col-lg-3 col-md-6\" ><div class=\"team-inner\"><div class=\"entry-title\"><h4 class=\"post-title-head\"><a href=\"https:\/\/aktodorovic.rs\/sr\/team\/vukasin-colevic\/\" class=\"post-title\">VUKA\u0160IN \u010cOLEVI\u0106<\/a><\/h4><\/div><!-- .entry-title --><div class=\"team-designation\"><div class=\"post-designation-head\">Advokatski pripravnik<\/div><\/div><!-- .team-designation --><div class=\"post-thumb\"><a href=\"https:\/\/aktodorovic.rs\/sr\/team\/vukasin-colevic\/\" class=\"post-image-link\"><img loading=\"lazy\" decoding=\"async\" width=\"1125\" height=\"1432\" src=\"https:\/\/aktodorovic.rs\/wp-content\/uploads\/2024\/10\/black-Vukasin-Colevic.jpg\" class=\"img-fluid squared attachment-post-thumbnail size-post-thumbnail img-fluid squared attachment-post-thumbnail size-post-thumbnail img-fluid squared attachment-post-thumbnail size-post-thumbnail img-fluid squared attachment-post-thumbnail size-post-thumbnail\" alt=\"\" srcset=\"https:\/\/aktodorovic.rs\/wp-content\/uploads\/2024\/10\/black-Vukasin-Colevic.jpg 1125w, https:\/\/aktodorovic.rs\/wp-content\/uploads\/2024\/10\/black-Vukasin-Colevic-768x978.jpg 768w\" sizes=\"(max-width: 1125px) 100vw, 1125px\" \/><\/a><\/div><!-- .post-thumb --><\/div><!-- .team-inner --><\/div><!-- .col \/ .owl-carousel-item \/ .isotope --><\/div><!-- .row -->\t\t\t\r\n\t\t<\/div>\r\n\t\t\t\t<\/div>\n\t\t\t\t\t<\/div>\n\t\t<\/div>\n\t\t\t\t\t<\/div>\n\t\t<\/section>\n\t\t\t\t<\/div>","protected":false},"excerpt":{"rendered":"<p>Dragan Todorovi\u0107 Lawyer Aleksandar Todorovi\u0107, PhD Lawyer Nikolina Francuski Legal trainee Vuka\u0161in \u010colevi\u0107 Legal trainee<\/p>","protected":false},"author":1,"featured_media":0,"parent":0,"menu_order":0,"comment_status":"closed","ping_status":"closed","template":"","meta":{"footnotes":""},"class_list":["post-36133","page","type-page","status-publish","hentry"],"_links":{"self":[{"href":"https:\/\/aktodorovic.rs\/sr\/wp-json\/wp\/v2\/pages\/36133","targetHints":{"allow":["GET"]}}],"collection":[{"href":"https:\/\/aktodorovic.rs\/sr\/wp-json\/wp\/v2\/pages"}],"about":[{"href":"https:\/\/aktodorovic.rs\/sr\/wp-json\/wp\/v2\/types\/page"}],"author":[{"embeddable":true,"href":"https:\/\/aktodorovic.rs\/sr\/wp-json\/wp\/v2\/users\/1"}],"replies":[{"embeddable":true,"href":"https:\/\/aktodorovic.rs\/sr\/wp-json\/wp\/v2\/comments?post=36133"}],"version-history":[{"count":33,"href":"https:\/\/aktodorovic.rs\/sr\/wp-json\/wp\/v2\/pages\/36133\/revisions"}],"predecessor-version":[{"id":37185,"href":"https:\/\/aktodorovic.rs\/sr\/wp-json\/wp\/v2\/pages\/36133\/revisions\/37185"}],"wp:attachment":[{"href":"https:\/\/aktodorovic.rs\/sr\/wp-json\/wp\/v2\/media?parent=36133"}],"curies":[{"name":"wp","href":"https:\/\/api.w.org\/{rel}","templated":true}]}}