{"id":36132,"date":"2024-07-19T06:11:07","date_gmt":"2024-07-19T06:11:07","guid":{"rendered":"https:\/\/wordpress.zozothemes.com\/igual\/?page_id=36132"},"modified":"2024-11-13T10:08:06","modified_gmt":"2024-11-13T10:08:06","slug":"our-history","status":"publish","type":"page","link":"https:\/\/aktodorovic.rs\/sr\/our-history\/","title":{"rendered":"Na\u0161a Istorija"},"content":{"rendered":"<div data-elementor-type=\"wp-page\" data-elementor-id=\"36132\" class=\"elementor elementor-36132\">\n\t\t\t\t\t\t<section class=\"elementor-section elementor-top-section elementor-element elementor-element-74d4a6b8 elementor-section-stretched elementor-section-content-middle elementor-section-boxed elementor-section-height-default elementor-section-height-default\" data-id=\"74d4a6b8\" data-element_type=\"section\" data-e-type=\"section\" data-settings=\"{&quot;stretch_section&quot;:&quot;section-stretched&quot;,&quot;background_background&quot;:&quot;classic&quot;}\">\n\t\t\t\t\t\t\t<div class=\"elementor-background-overlay\"><\/div>\n\t\t\t\t\t\t\t<div class=\"elementor-container elementor-column-gap-default\">\n\t\t\t\t\t<div class=\"elementor-column elementor-col-100 elementor-top-column elementor-element elementor-element-23af5970\" data-id=\"23af5970\" data-element_type=\"column\" data-e-type=\"column\" data-settings=\"{&quot;background_background&quot;:&quot;classic&quot;}\">\n\t\t\t<div class=\"elementor-widget-wrap elementor-element-populated\">\n\t\t\t\t\t<div class=\"elementor-background-overlay\"><\/div>\n\t\t\t\t\t\t<section class=\"elementor-section elementor-inner-section elementor-element elementor-element-7bd0a427 elementor-section-boxed elementor-section-height-default elementor-section-height-default\" data-id=\"7bd0a427\" data-element_type=\"section\" data-e-type=\"section\">\n\t\t\t\t\t\t<div class=\"elementor-container elementor-column-gap-default\">\n\t\t\t\t\t<div class=\"elementor-column elementor-col-33 elementor-inner-column elementor-element elementor-element-7007f647\" data-id=\"7007f647\" data-element_type=\"column\" data-e-type=\"column\">\n\t\t\t<div class=\"elementor-widget-wrap\">\n\t\t\t\t\t\t\t<\/div>\n\t\t<\/div>\n\t\t\t\t<div class=\"elementor-column elementor-col-33 elementor-inner-column elementor-element elementor-element-165dfbc8\" data-id=\"165dfbc8\" data-element_type=\"column\" data-e-type=\"column\">\n\t\t\t<div class=\"elementor-widget-wrap elementor-element-populated\">\n\t\t\t\t\t\t<div class=\"elementor-element elementor-element-39ff9a3a animated-fast cea-tablet-align-center cea-align-center elementor-invisible elementor-widget elementor-widget-ceasectiontitle\" data-id=\"39ff9a3a\" data-element_type=\"widget\" data-e-type=\"widget\" data-settings=\"{&quot;_animation&quot;:&quot;fadeInUp&quot;}\" data-widget_type=\"ceasectiontitle.default\">\n\t\t\t\t<div class=\"elementor-widget-container\">\n\t\t\t\t\t<div class=\"section-title-wrapper\"><div class=\"title-wrap\"><div class=\"sub-title\"><span class=\"subtitle-dots\">Istorija AKT<\/span><\/div><h2 class=\"section-title\">Advokatska kancelarija Todorovi\u0107<\/h2><\/div><!-- .title-wrap --><div class=\"section-description\"><\/div><!-- .section-description --><\/div><!-- .section-title-wrapper -->\t\t\t\t<\/div>\n\t\t\t\t<\/div>\n\t\t\t\t\t<\/div>\n\t\t<\/div>\n\t\t\t\t<div class=\"elementor-column elementor-col-33 elementor-inner-column elementor-element elementor-element-43b0aef0\" data-id=\"43b0aef0\" data-element_type=\"column\" data-e-type=\"column\">\n\t\t\t<div class=\"elementor-widget-wrap\">\n\t\t\t\t\t\t\t<\/div>\n\t\t<\/div>\n\t\t\t\t\t<\/div>\n\t\t<\/section>\n\t\t\t\t<section class=\"elementor-section elementor-inner-section elementor-element elementor-element-3a0e2366 elementor-section-boxed elementor-section-height-default elementor-section-height-default\" data-id=\"3a0e2366\" data-element_type=\"section\" data-e-type=\"section\">\n\t\t\t\t\t\t<div class=\"elementor-container elementor-column-gap-default\">\n\t\t\t\t\t<div class=\"elementor-column elementor-col-100 elementor-inner-column elementor-element elementor-element-71659971\" data-id=\"71659971\" data-element_type=\"column\" data-e-type=\"column\">\n\t\t\t<div class=\"elementor-widget-wrap elementor-element-populated\">\n\t\t\t\t\t\t<div class=\"elementor-element elementor-element-10d04bc4 elementor-invisible elementor-widget elementor-widget-ceatimeline\" data-id=\"10d04bc4\" data-element_type=\"widget\" data-e-type=\"widget\" data-settings=\"{&quot;_animation&quot;:&quot;zoomIn&quot;}\" data-widget_type=\"ceatimeline.default\">\n\t\t\t\t<div class=\"elementor-widget-container\">\n\t\t\t\t\t<div class=\"timeline-wrapper timeline-style-1\"><ul class=\"timeline\"><li class=\"elementor-repeater-item-58f2e01\"><div class=\"timeline-badge rounded-circle\"><i aria-hidden=\"true\" class=\"bi-trophy-fill\"><\/i><\/div><div class=\"timeline-sep-title\">2001<span>(2001\u20132005)<\/span><\/div><div class=\"timeline-panel\"><div class=\"timeline-heading\"><h4 class=\"timeline-title\">Po\u010deci i Osnivanje<\/h4><\/div><div class=\"timeline-body\">Advokatska kancelarija Todorovi\u0107 osnovana je 2001. godine u Kikindi, kada je Dragan Todorovi\u0107, diplomirani advokat, nakon 17 godina rada u Ministarstvu unutra\u0161njih poslova odlu\u010dio da otvori svoju privatnu praksu. U to vreme, Dragan Todorovi\u0107 je ve\u0107 bio iskusan pravnik sa bogatim iskustvom u oblasti dr\u017eavne uprave, posebno u poslovima povezanim sa me\u0111unarodnom i prekograni\u010dnom pravnom saradnjom. U po\u010detnim godinama, kancelarija je pru\u017eala usluge u oblasti krivi\u010dnog i privrednog prava, pri \u010demu se Todorovi\u0107 posebno specijalizovao za privredni kriminal.<\/div><\/div><\/li><!-- .timeline item li --><li class=\"timeline-inverted elementor-repeater-item-5fcc004\"><div class=\"timeline-badge rounded-circle\"><i aria-hidden=\"true\" class=\"bi-clock\"><\/i><\/div><div class=\"timeline-sep-title\">2006<span>(2006\u20132010)<\/span><\/div><div class=\"timeline-panel\"><div class=\"timeline-heading\"><h4 class=\"timeline-title\">\u0160irenje i Profesionalni Razvoj<\/h4><\/div><div class=\"timeline-body\">Tokom ovog perioda, advokatska kancelarija se razvijala i \u0161irila svoju nadle\u017enost u Kikindi i \u0161irom Srbije. Dragoceno iskustvo Dragana Todorovi\u0107a, ste\u010deno tokom 23 godine rada u dr\u017eavnim organima, najvi\u0161e je do\u0161lo do izra\u017eaja u njegovoj ulozi advokata, gde je zastupao klijente pred nacionalnim sudovima i drugim institucijama. Kancelarija je zapo\u010dela potpisivanje sporazuma o saradnji sa kancelarijama iste specijalnosti iz drugih zemalja i po\u010dela da zastupa kako doma\u0107e, tako i strane klijente. Tokom ovog perioda, kancelarija je do\u017eivela postepeni razvoj i postala efikasan i stabilan partner u oblastima privrednog kriminala i krivi\u010dnih postupaka.<\/div><\/div><\/li><!-- .timeline item li --><li class=\"elementor-repeater-item-91f3e36\"><div class=\"timeline-badge rounded-circle\"><i aria-hidden=\"true\" class=\"bi-ui-radios-grid\"><\/i><\/div><div class=\"timeline-sep-title\">2011<span>(2011\u20132015)<\/span><\/div><div class=\"timeline-panel\"><div class=\"timeline-heading\"><h4 class=\"timeline-title\">Dolazak Aleksandra Todorovi\u0107a i Generacijska Tranzicija <\/h4><\/div><div class=\"timeline-body\">Iz ovog perioda dolazi velika promena jer je sin Dragana Todorovi\u0107a, Aleksandar Todorovi\u0107, po\u010deo da radi u ovoj advokatskoj kancelariji nakon \u0161to je zavr\u0161io studije na Pravnom fakultetu Univerziteta u Novom Sadu. Aleksandar je doneo sve\u017ee ideje, novu inspiraciju, optimizam, otvorenost i efikasnu energiju za evropsko pravo ljudskih prava. Njegova posve\u0107enost inovacijama i poseban fokus na ljudska prava pomogli su kancelariji da se globalizuje, naro\u010dito u radu sa klijentima pred Evropskim sudom za ljudska prava. U ovom periodu, kancelarija je postala odgovornija i za akademske aktivnosti, zahvaljuju\u0107i Aleksandrovim istra\u017eivanjima i prezentacijama na konferencijama.<\/div><\/div><\/li><!-- .timeline item li --><li class=\"timeline-inverted elementor-repeater-item-7f1e1f6\"><div class=\"timeline-badge rounded-circle\"><i aria-hidden=\"true\" class=\"bi-award\"><\/i><\/div><div class=\"timeline-sep-title\">2016<span>(2016\u20132020)<\/span><\/div><div class=\"timeline-panel\"><div class=\"timeline-heading\"><h4 class=\"timeline-title\">Konsolidacija i Saradnja Oca i Sina <\/h4><\/div><div class=\"timeline-body\">Od 2016. godine, Advokatska kancelarija Todorovi\u0107 postala je trajna me\u0111ugeneracijska saradnja izme\u0111u dve generacije advokata, koji sada mogu da kombinuju svoje znanje i ve\u0161tine u pru\u017eanju pravnih usluga. Dragan Todorovi\u0107 je i dalje bio aktivan u oblastima krivi\u010dnog i privrednog prava, dok je Aleksandar u\u010destvovao u zna\u010dajnom delu posla vezanom za zastupanje klijenata pred evropskim sudovima, naro\u010dito u oblasti ljudskih prava. Ova kombinacija razli\u010ditih pristupa i pravnih specijalnosti omogu\u0107ila je kancelariji da stekne priznanje i po\u0161tovanje kako na srpskom, tako i na me\u0111unarodnom nivou. Istovremeno, kancelarija je razvijala svoju dominaciju u regionu implementiraju\u0107i akcije za unapre\u0111enje svog imid\u017ea kroz objavljivanje, u\u010de\u0161\u0107e u javnim diskusijama, pravnim forumima i akademskom pisanju. Aleksandar Todorovi\u0107 se pridru\u017eio nekim od etabliranih profesionalnih organizacija, uklju\u010duju\u0107i Pravno akademiju, Advokatsku komoru Vojvodine i uredni\u010dki odbor \u201cGlasnika Advokatske komore Vojvodine\u201d. S druge strane, drugi advokat kancelarije, Dragan Todorovi\u0107, izgradio je reputaciju kao advokat koji se bavi te\u0161kim krivi\u010dnim i privrednim sporovima u ime svojih klijenata.<\/div><\/div><\/li><!-- .timeline item li --><li class=\"elementor-repeater-item-e178b17\"><div class=\"timeline-badge rounded-circle\"><i aria-hidden=\"true\" class=\"bi-ui-radios-grid\"><\/i><\/div><div class=\"timeline-sep-title\">2021<span>(2021\u20132024)<\/span><\/div><div class=\"timeline-panel\"><div class=\"timeline-heading\"><h4 class=\"timeline-title\">Moderne Operacije i Me\u0111unarodna Prisutnost<\/h4><\/div><div class=\"timeline-body\">Poslednjih nekoliko godina, kancelarija je intenzivno pro\u0161irila svoje prisustvo na me\u0111unarodnom tr\u017ei\u0161tu. Zahvaljuju\u0107i radu Aleksandra Todorovi\u0107a u oblasti evropskog prava i ljudskih prava, kancelarija je stekla jo\u0161 ve\u0107i ugled na ukupnoj pravnoj mapi. Danas brane klijente ne samo u Srbiji, ve\u0107 i na evropskom nivou, posebno u pitanjima koja se odnose na ljudska prava. Tako\u0111e, kancelarija je pro\u0161irila svoju saradnju sa drugim pravnim firmama kroz sporazume o poslovnoj saradnji, \u010dime je pro\u0161irila svoje prisustvo \u0161irom Republike Srbije. Danas je Advokatska kancelarija Todorovi\u0107 prepoznatljiva u Srbiji, a jo\u0161 vi\u0161e u me\u0111unarodnom okru\u017eenju, sa posebnim naglaskom na evropsko pravo i ljudska prava.<\/div><\/div><\/li><!-- .timeline item li --><li class=\"timeline-inverted elementor-repeater-item-7eadb69\"><div class=\"timeline-badge rounded-circle\"><i aria-hidden=\"true\" class=\"bi-trophy-fill\"><\/i><\/div><div class=\"timeline-sep-title\">Zaklju\u010dak<span>Zaklju\u010dak<\/span><\/div><div class=\"timeline-panel\"><div class=\"timeline-body\">Tokom poslednjih 20 godina, Advokatska kancelarija Todorovi\u0107 je profesionalno i iskustveno rasla \u2013 od srednje velike kancelarije za krivi\u010dno i privredno pravo do aktivne i visokospecijalizovane pravne firme koja se bavi brojnim me\u0111unarodnim pravnim pitanjima u okviru evropskog prava ljudskih prava. Osetljivost prema poslovnim zahtevima, zajedno sa univerzitetskim obrazovanjem i me\u0111unarodnim iskustvom Aleksandra Todorovi\u0107a, oja\u010dali su imid\u017e kancelarije kao jedne od vode\u0107ih advokatskih firmi, koja posluje u specijalizovanim pravnim oblastima, kako to predstavljaju Dragan Todorovi\u0107.<\/div><\/div><\/li><!-- .timeline item li --><\/ul><\/div><!-- .timeline-wrapper -->\t\t\t\t<\/div>\n\t\t\t\t<\/div>\n\t\t\t\t\t<\/div>\n\t\t<\/div>\n\t\t\t\t\t<\/div>\n\t\t<\/section>\n\t\t\t\t\t<\/div>\n\t\t<\/div>\n\t\t\t\t\t<\/div>\n\t\t<\/section>\n\t\t\t\t<\/div>","protected":false},"excerpt":{"rendered":"<p>HISTORY OF AKT Law office Todorovi\u0107 2001(2001\u20132005) Beginnings and Establishment The Todorovi\u0107 Law Office was established in 2001 in Kikinda..<\/p>","protected":false},"author":1,"featured_media":0,"parent":0,"menu_order":0,"comment_status":"closed","ping_status":"closed","template":"","meta":{"footnotes":""},"class_list":["post-36132","page","type-page","status-publish","hentry"],"_links":{"self":[{"href":"https:\/\/aktodorovic.rs\/sr\/wp-json\/wp\/v2\/pages\/36132","targetHints":{"allow":["GET"]}}],"collection":[{"href":"https:\/\/aktodorovic.rs\/sr\/wp-json\/wp\/v2\/pages"}],"about":[{"href":"https:\/\/aktodorovic.rs\/sr\/wp-json\/wp\/v2\/types\/page"}],"author":[{"embeddable":true,"href":"https:\/\/aktodorovic.rs\/sr\/wp-json\/wp\/v2\/users\/1"}],"replies":[{"embeddable":true,"href":"https:\/\/aktodorovic.rs\/sr\/wp-json\/wp\/v2\/comments?post=36132"}],"version-history":[{"count":12,"href":"https:\/\/aktodorovic.rs\/sr\/wp-json\/wp\/v2\/pages\/36132\/revisions"}],"predecessor-version":[{"id":37116,"href":"https:\/\/aktodorovic.rs\/sr\/wp-json\/wp\/v2\/pages\/36132\/revisions\/37116"}],"wp:attachment":[{"href":"https:\/\/aktodorovic.rs\/sr\/wp-json\/wp\/v2\/media?parent=36132"}],"curies":[{"name":"wp","href":"https:\/\/api.w.org\/{rel}","templated":true}]}}