{"id":36036,"date":"2024-07-19T05:33:26","date_gmt":"2024-07-19T05:33:26","guid":{"rendered":"https:\/\/wordpress.zozothemes.com\/igual\/?page_id=36036"},"modified":"2024-07-19T05:33:26","modified_gmt":"2024-07-19T05:33:26","slug":"4-columns-fullwidth","status":"publish","type":"page","link":"https:\/\/aktodorovic.rs\/sr\/4-columns-fullwidth\/","title":{"rendered":"4 Columns Fullwidth"},"content":{"rendered":"<div data-elementor-type=\"wp-page\" data-elementor-id=\"36036\" class=\"elementor elementor-36036\">\n\t\t\t\t\t\t<section class=\"elementor-section elementor-top-section elementor-element elementor-element-1abf8c7e elementor-section-full_width elementor-section-stretched elementor-section-height-default elementor-section-height-default\" data-id=\"1abf8c7e\" data-element_type=\"section\" data-e-type=\"section\" data-settings=\"{&quot;stretch_section&quot;:&quot;section-stretched&quot;}\">\n\t\t\t\t\t\t<div class=\"elementor-container elementor-column-gap-default\">\n\t\t\t\t\t<div class=\"elementor-column elementor-col-100 elementor-top-column elementor-element elementor-element-32aa4c5\" data-id=\"32aa4c5\" data-element_type=\"column\" data-e-type=\"column\">\n\t\t\t<div class=\"elementor-widget-wrap elementor-element-populated\">\n\t\t\t\t\t\t<div class=\"elementor-element elementor-element-1f16a5de elementor-widget elementor-widget-ceaposts\" data-id=\"1f16a5de\" data-element_type=\"widget\" data-e-type=\"widget\" data-widget_type=\"ceaposts.default\">\n\t\t\t\t\r\n\t\t<div class=\"elementor-widget-container blog-wrapper blog-style-modern blog-light blog-normal-model\">\r\n\t\t\r\n\t\t\t<div class=\"row\"><div class=\"col-lg-3 col-md-6\"><div class=\"blog-inner\"><div class=\"post-thumb\"><a href=\"https:\/\/aktodorovic.rs\/sr\/state-of-emergency-truth-and-error-a-short-guide-to-citizens\/\" class=\"post-image-link\"><img decoding=\"async\" src=\"https:\/\/aktodorovic.rs\/wp-content\/uploads\/elementor\/thumbs\/Sudenje-na-otvorenom-za-vreme-spanske-groznice-slika-qw9no8du4c2uhcg19g5s80t4z95so3umbfe4y8oa5g.jpg\" title=\"Su\u0111enje-na-otvorenom-za-vreme-\u0161panske-groznice-slika\" alt=\"\" class=\"img-fluid squared\" \/><\/a><\/div><!-- .post-thumb --><div class=\"post-category\"><span class=\"before-icon fa fa-folder-o\"><\/span><a href=\"https:\/\/aktodorovic.rs\/sr\/category\/advokatska-kancelarija-todorovic\/\">Advokatska kancelarija Todorovi\u0107<\/a>,<a href=\"https:\/\/aktodorovic.rs\/sr\/category\/law-office-todorovic\/\">Advokatska kancelarija Todorovi\u0107<\/a><\/div><div class=\"top-meta clearfix\"><ul class=\"nav top-meta-list meta-left\"><li><div class=\"post-date\"><a href=\"https:\/\/aktodorovic.rs\/sr\/2020\/03\/16\/\" ><i class=\"icon icon-calendar\"><\/i> \u043c\u0430\u0440\u0442 16, 2020<\/a><\/div><\/li><\/ul><\/div><div class=\"entry-title\"><h3 class=\"post-title-head\"><a href=\"https:\/\/aktodorovic.rs\/sr\/state-of-emergency-truth-and-error-a-short-guide-to-citizens\/\" class=\"post-title\">State of emergency: truth and error. A short guide to citizens.<\/a><\/h3><\/div><!-- .entry-title --><div class=\"post-excerpt\"><p>Lorem Ipsum is simply dummy text of the printing and typesetting industry&#8230;<\/p>\n<\/div><!-- .post-excerpt --><div class=\"bottom-meta clearfix\"><ul class=\"nav bottom-meta-list meta-left\"><li><div class=\"post-more\"><a href=\"https:\/\/aktodorovic.rs\/sr\/state-of-emergency-truth-and-error-a-short-guide-to-citizens\/\" class=\"read-more elementor-button\">Read More<\/a><\/div><\/li><\/ul><\/div><\/div><!-- .blog-inner --><\/div><!-- .col \/ .owl-carousel-item \/ .isotope --><div class=\"col-lg-3 col-md-6\"><div class=\"blog-inner\"><div class=\"post-thumb\"><a href=\"https:\/\/aktodorovic.rs\/sr\/registration-of-food-sales-facilities-at-the-central-register\/\" class=\"post-image-link\"><img decoding=\"async\" src=\"https:\/\/aktodorovic.rs\/wp-content\/uploads\/elementor\/thumbs\/zakon-o-bezbednosti-hrane-slika-qw9nitt8tmohq2antm20dvwq0hstere6kocmlyorxg.jpg\" title=\"zakon-o-bezbednosti-hrane-slika\" alt=\"\" class=\"img-fluid squared img-fluid squared\" \/><\/a><\/div><!-- .post-thumb --><div class=\"post-category\"><span class=\"before-icon fa fa-folder-o\"><\/span><a href=\"https:\/\/aktodorovic.rs\/sr\/category\/advokatska-kancelarija-todorovic\/\">Advokatska kancelarija Todorovi\u0107<\/a>,<a href=\"https:\/\/aktodorovic.rs\/sr\/category\/law-office-todorovic\/\">Advokatska kancelarija Todorovi\u0107<\/a><\/div><div class=\"top-meta clearfix\"><ul class=\"nav top-meta-list meta-left\"><li><div class=\"post-date\"><a href=\"https:\/\/aktodorovic.rs\/sr\/2020\/09\/13\/\" ><i class=\"icon icon-calendar\"><\/i> \u0441\u0435\u043f\u0442\u0435\u043c\u0431\u0430\u0440 13, 2020<\/a><\/div><\/li><\/ul><\/div><div class=\"entry-title\"><h3 class=\"post-title-head\"><a href=\"https:\/\/aktodorovic.rs\/sr\/registration-of-food-sales-facilities-at-the-central-register\/\" class=\"post-title\">Registration of food sales facilities at the central register<\/a><\/h3><\/div><!-- .entry-title --><div class=\"post-excerpt\"><p>In the past few days, we have called more clients with the issue that are legal obligations regarding the central register of facilities leading the Ministry of Agriculture. For these reasons, we present you the most common questions and answers to this topic, with the necessary instructions in which the registration can be executed.<\/p>\n<\/div><!-- .post-excerpt --><div class=\"bottom-meta clearfix\"><ul class=\"nav bottom-meta-list meta-left\"><li><div class=\"post-more\"><a href=\"https:\/\/aktodorovic.rs\/sr\/registration-of-food-sales-facilities-at-the-central-register\/\" class=\"read-more elementor-button\">Read More<\/a><\/div><\/li><\/ul><\/div><\/div><!-- .blog-inner --><\/div><!-- .col \/ .owl-carousel-item \/ .isotope --><div class=\"col-lg-3 col-md-6\"><div class=\"blog-inner\"><div class=\"post-thumb\"><a href=\"https:\/\/aktodorovic.rs\/sr\/why-a-handwritten-testament-is-often-the-best-choice\/\" class=\"post-image-link\"><img decoding=\"async\" src=\"https:\/\/aktodorovic.rs\/wp-content\/uploads\/elementor\/thumbs\/closeup-of-lawyer-or-executive-signing-a-contract-2023-11-27-05-01-22-utc-qw9ncz9eaqo9heshz31kvd1gy6mlik6b3q7v3zcyn8.jpg\" title=\"closeup-of-lawyer-or-executive-signing-a-contract-2023-11-27-05-01-22-utc\" alt=\"\" class=\"img-fluid squared img-fluid squared img-fluid squared\" \/><\/a><\/div><!-- .post-thumb --><div class=\"post-category\"><span class=\"before-icon fa fa-folder-o\"><\/span><a href=\"https:\/\/aktodorovic.rs\/sr\/category\/advokatska-kancelarija-todorovic\/\">Advokatska kancelarija Todorovi\u0107<\/a>,<a href=\"https:\/\/aktodorovic.rs\/sr\/category\/law-office-todorovic\/\">Advokatska kancelarija Todorovi\u0107<\/a><\/div><div class=\"top-meta clearfix\"><ul class=\"nav top-meta-list meta-left\"><li><div class=\"post-date\"><a href=\"https:\/\/aktodorovic.rs\/sr\/2020\/10\/19\/\" ><i class=\"icon icon-calendar\"><\/i> \u043e\u043a\u0442\u043e\u0431\u0430\u0440 19, 2020<\/a><\/div><\/li><\/ul><\/div><div class=\"entry-title\"><h3 class=\"post-title-head\"><a href=\"https:\/\/aktodorovic.rs\/sr\/why-a-handwritten-testament-is-often-the-best-choice\/\" class=\"post-title\">Why a Handwritten Testament is Often the Best Choice<\/a><\/h3><\/div><!-- .entry-title --><div class=\"post-excerpt\"><p>Today, a will is considered the most common method of arranging one&#8217;s..<\/p>\n<\/div><!-- .post-excerpt --><div class=\"bottom-meta clearfix\"><ul class=\"nav bottom-meta-list meta-left\"><li><div class=\"post-more\"><a href=\"https:\/\/aktodorovic.rs\/sr\/why-a-handwritten-testament-is-often-the-best-choice\/\" class=\"read-more elementor-button\">Read More<\/a><\/div><\/li><\/ul><\/div><\/div><!-- .blog-inner --><\/div><!-- .col \/ .owl-carousel-item \/ .isotope --><div class=\"col-lg-3 col-md-6\"><div class=\"blog-inner\"><div class=\"post-thumb\"><a href=\"https:\/\/aktodorovic.rs\/sr\/deferral-of-criminal-prosecution-opportunity\/\" class=\"post-image-link\"><img decoding=\"async\" src=\"https:\/\/aktodorovic.rs\/wp-content\/uploads\/elementor\/thumbs\/businessman-with-open-hand-ready-to-seal-a-deal-p-2023-11-27-05-17-44-utc-qw9oah8bv6j5944rd2bx8epv3jiiu85xdj7ttzouw4.jpg\" title=\"businessman-with-open-hand-ready-to-seal-a-deal-p-2023-11-27-05-17-44-utc\" alt=\"\" class=\"img-fluid squared img-fluid squared img-fluid squared img-fluid squared\" \/><\/a><\/div><!-- .post-thumb --><div class=\"post-category\"><span class=\"before-icon fa fa-folder-o\"><\/span><a href=\"https:\/\/aktodorovic.rs\/sr\/category\/advokatska-kancelarija-todorovic\/\">Advokatska kancelarija Todorovi\u0107<\/a>,<a href=\"https:\/\/aktodorovic.rs\/sr\/category\/law-office-todorovic\/\">Advokatska kancelarija Todorovi\u0107<\/a><\/div><div class=\"top-meta clearfix\"><ul class=\"nav top-meta-list meta-left\"><li><div class=\"post-date\"><a href=\"https:\/\/aktodorovic.rs\/sr\/2020\/12\/22\/\" ><i class=\"icon icon-calendar\"><\/i> \u0434\u0435\u0446\u0435\u043c\u0431\u0430\u0440 22, 2020<\/a><\/div><\/li><\/ul><\/div><div class=\"entry-title\"><h3 class=\"post-title-head\"><a href=\"https:\/\/aktodorovic.rs\/sr\/deferral-of-criminal-prosecution-opportunity\/\" class=\"post-title\">Deferral of Criminal Prosecution \u2013 Opportunity<\/a><\/h3><\/div><!-- .entry-title --><div class=\"post-excerpt\"><p>What is an opportunity?Deferral of criminal prosecution, or &#8220;opportunity,&#8221; is a way..<\/p>\n<\/div><!-- .post-excerpt --><div class=\"bottom-meta clearfix\"><ul class=\"nav bottom-meta-list meta-left\"><li><div class=\"post-more\"><a href=\"https:\/\/aktodorovic.rs\/sr\/deferral-of-criminal-prosecution-opportunity\/\" class=\"read-more elementor-button\">Read More<\/a><\/div><\/li><\/ul><\/div><\/div><!-- .blog-inner --><\/div><!-- .col \/ .owl-carousel-item \/ .isotope --><\/div><!-- .row --><div class=\"row\"><div class=\"col-lg-3 col-md-6\"><div class=\"blog-inner\"><div class=\"post-thumb\"><a href=\"https:\/\/aktodorovic.rs\/sr\/lifetime-support-contract\/\" class=\"post-image-link\"><img decoding=\"async\" src=\"https:\/\/aktodorovic.rs\/wp-content\/uploads\/elementor\/thumbs\/closeup-of-signing-a-documentation-agreement-and-p-2023-11-27-05-27-35-utc-qw9oxxbecemmuy2og76wfhpsjjy4uf8vxl1usgxbok.jpg\" title=\"closeup-of-signing-a-documentation-agreement-and-p-2023-11-27-05-27-35-utc\" alt=\"\" class=\"img-fluid squared img-fluid squared img-fluid squared img-fluid squared img-fluid squared\" \/><\/a><\/div><!-- .post-thumb --><div class=\"post-category\"><span class=\"before-icon fa fa-folder-o\"><\/span><a href=\"https:\/\/aktodorovic.rs\/sr\/category\/advokatska-kancelarija-todorovic\/\">Advokatska kancelarija Todorovi\u0107<\/a>,<a href=\"https:\/\/aktodorovic.rs\/sr\/category\/law-office-todorovic\/\">Advokatska kancelarija Todorovi\u0107<\/a><\/div><div class=\"top-meta clearfix\"><ul class=\"nav top-meta-list meta-left\"><li><div class=\"post-date\"><a href=\"https:\/\/aktodorovic.rs\/sr\/2021\/04\/21\/\" ><i class=\"icon icon-calendar\"><\/i> \u0430\u043f\u0440\u0438\u043b 21, 2021<\/a><\/div><\/li><\/ul><\/div><div class=\"entry-title\"><h3 class=\"post-title-head\"><a href=\"https:\/\/aktodorovic.rs\/sr\/lifetime-support-contract\/\" class=\"post-title\">Lifetime Support Contract<\/a><\/h3><\/div><!-- .entry-title --><div class=\"post-excerpt\"><p>What is a Lifetime Support Contract?A lifetime support contract is one of..<\/p>\n<\/div><!-- .post-excerpt --><div class=\"bottom-meta clearfix\"><ul class=\"nav bottom-meta-list meta-left\"><li><div class=\"post-more\"><a href=\"https:\/\/aktodorovic.rs\/sr\/lifetime-support-contract\/\" class=\"read-more elementor-button\">Read More<\/a><\/div><\/li><\/ul><\/div><\/div><!-- .blog-inner --><\/div><!-- .col \/ .owl-carousel-item \/ .isotope --><div class=\"col-lg-3 col-md-6\"><div class=\"blog-inner\"><div class=\"post-thumb\"><a href=\"https:\/\/aktodorovic.rs\/sr\/mutual-divorce-agreement\/\" class=\"post-image-link\"><img decoding=\"async\" src=\"https:\/\/aktodorovic.rs\/wp-content\/uploads\/elementor\/thumbs\/partial-view-of-couple-at-table-with-divorce-docum-2023-11-27-05-30-15-utc-qw9qyydzc0lmw9zt09menka229zrvu64b1qy3en690.jpg\" title=\"partial-view-of-couple-at-table-with-divorce-docum-2023-11-27-05-30-15-utc\" alt=\"\" class=\"img-fluid squared img-fluid squared img-fluid squared img-fluid squared img-fluid squared img-fluid squared\" \/><\/a><\/div><!-- .post-thumb --><div class=\"post-category\"><span class=\"before-icon fa fa-folder-o\"><\/span><a href=\"https:\/\/aktodorovic.rs\/sr\/category\/advokatska-kancelarija-todorovic\/\">Advokatska kancelarija Todorovi\u0107<\/a>,<a href=\"https:\/\/aktodorovic.rs\/sr\/category\/law-office-todorovic\/\">Advokatska kancelarija Todorovi\u0107<\/a><\/div><div class=\"top-meta clearfix\"><ul class=\"nav top-meta-list meta-left\"><li><div class=\"post-date\"><a href=\"https:\/\/aktodorovic.rs\/sr\/2021\/05\/03\/\" ><i class=\"icon icon-calendar\"><\/i> \u043c\u0430\u0458 3, 2021<\/a><\/div><\/li><\/ul><\/div><div class=\"entry-title\"><h3 class=\"post-title-head\"><a href=\"https:\/\/aktodorovic.rs\/sr\/mutual-divorce-agreement\/\" class=\"post-title\">Mutual Divorce Agreement<\/a><\/h3><\/div><!-- .entry-title --><div class=\"post-excerpt\"><p>Everything You Need to Know Before Contacting a Lawyer A lean agreement..<\/p>\n<\/div><!-- .post-excerpt --><div class=\"bottom-meta clearfix\"><ul class=\"nav bottom-meta-list meta-left\"><li><div class=\"post-more\"><a href=\"https:\/\/aktodorovic.rs\/sr\/mutual-divorce-agreement\/\" class=\"read-more elementor-button\">Read More<\/a><\/div><\/li><\/ul><\/div><\/div><!-- .blog-inner --><\/div><!-- .col \/ .owl-carousel-item \/ .isotope --><div class=\"col-lg-3 col-md-6\"><div class=\"blog-inner\"><div class=\"post-thumb\"><a href=\"https:\/\/aktodorovic.rs\/sr\/the-right-to-objection-of-conscience-and-military-exercise\/\" class=\"post-image-link\"><img decoding=\"async\" src=\"https:\/\/aktodorovic.rs\/wp-content\/uploads\/elementor\/thumbs\/Pravo-na-prigovor-savesti-i-vojna-vezba-slika-qwd40xg5jqc6zrsli0x0xudjia3f8r0vh0lmn915yc.jpg\" title=\"Pravo-na-prigovor-savesti-i-vojna-ve\u017eba-slika\" alt=\"\" class=\"img-fluid squared img-fluid squared img-fluid squared img-fluid squared img-fluid squared img-fluid squared img-fluid squared\" \/><\/a><\/div><!-- .post-thumb --><div class=\"post-category\"><span class=\"before-icon fa fa-folder-o\"><\/span><a href=\"https:\/\/aktodorovic.rs\/sr\/category\/advokatska-kancelarija-todorovic\/\">Advokatska kancelarija Todorovi\u0107<\/a>,<a href=\"https:\/\/aktodorovic.rs\/sr\/category\/law-office-todorovic\/\">Advokatska kancelarija Todorovi\u0107<\/a><\/div><div class=\"top-meta clearfix\"><ul class=\"nav top-meta-list meta-left\"><li><div class=\"post-date\"><a href=\"https:\/\/aktodorovic.rs\/sr\/2021\/07\/29\/\" ><i class=\"icon icon-calendar\"><\/i> \u0458\u0443\u043b 29, 2021<\/a><\/div><\/li><\/ul><\/div><div class=\"entry-title\"><h3 class=\"post-title-head\"><a href=\"https:\/\/aktodorovic.rs\/sr\/the-right-to-objection-of-conscience-and-military-exercise\/\" class=\"post-title\">The right to objection of conscience and military exercise<\/a><\/h3><\/div><!-- .entry-title --><div class=\"post-excerpt\"><p>An increasingly organized organization of military exercises, and thus inviting persons to..<\/p>\n<\/div><!-- .post-excerpt --><div class=\"bottom-meta clearfix\"><ul class=\"nav bottom-meta-list meta-left\"><li><div class=\"post-more\"><a href=\"https:\/\/aktodorovic.rs\/sr\/the-right-to-objection-of-conscience-and-military-exercise\/\" class=\"read-more elementor-button\">Read More<\/a><\/div><\/li><\/ul><\/div><\/div><!-- .blog-inner --><\/div><!-- .col \/ .owl-carousel-item \/ .isotope --><div class=\"col-lg-3 col-md-6\"><div class=\"blog-inner\"><div class=\"post-thumb\"><a href=\"https:\/\/aktodorovic.rs\/sr\/out-of-court-settlement-of-consumer-disputes\/\" class=\"post-image-link\"><img decoding=\"async\" src=\"https:\/\/aktodorovic.rs\/wp-content\/uploads\/elementor\/thumbs\/grupa-za-dogovor-qwd4x2jh8sc5zr3utf2rp8dyrlo9g5mg83ocevdj6s.jpg\" title=\"grupa-za-dogovor\" alt=\"\" class=\"img-fluid squared img-fluid squared img-fluid squared img-fluid squared img-fluid squared img-fluid squared img-fluid squared img-fluid squared\" \/><\/a><\/div><!-- .post-thumb --><div class=\"post-category\"><span class=\"before-icon fa fa-folder-o\"><\/span><a href=\"https:\/\/aktodorovic.rs\/sr\/category\/advokatska-kancelarija-todorovic\/\">Advokatska kancelarija Todorovi\u0107<\/a>,<a href=\"https:\/\/aktodorovic.rs\/sr\/category\/law-office-todorovic\/\">Advokatska kancelarija Todorovi\u0107<\/a><\/div><div class=\"top-meta clearfix\"><ul class=\"nav top-meta-list meta-left\"><li><div class=\"post-date\"><a href=\"https:\/\/aktodorovic.rs\/sr\/2021\/08\/04\/\" ><i class=\"icon icon-calendar\"><\/i> \u0430\u0432\u0433\u0443\u0441\u0442 4, 2021<\/a><\/div><\/li><\/ul><\/div><div class=\"entry-title\"><h3 class=\"post-title-head\"><a href=\"https:\/\/aktodorovic.rs\/sr\/out-of-court-settlement-of-consumer-disputes\/\" class=\"post-title\">Vansudsko re\u0161avanje potro\u0161a\u010dkih sporova<\/a><\/h3><\/div><!-- .entry-title --><div class=\"post-excerpt\"><p>The most significant change that brings with it the proposal of the..<\/p>\n<\/div><!-- .post-excerpt --><div class=\"bottom-meta clearfix\"><ul class=\"nav bottom-meta-list meta-left\"><li><div class=\"post-more\"><a href=\"https:\/\/aktodorovic.rs\/sr\/out-of-court-settlement-of-consumer-disputes\/\" class=\"read-more elementor-button\">Read More<\/a><\/div><\/li><\/ul><\/div><\/div><!-- .blog-inner --><\/div><!-- .col \/ .owl-carousel-item \/ .isotope --><\/div><!-- .row -->\t\t\t\r\n\t\t<\/div>\r\n\t\t\t\t<\/div>\n\t\t\t\t\t<\/div>\n\t\t<\/div>\n\t\t\t\t\t<\/div>\n\t\t<\/section>\n\t\t\t\t<\/div>","protected":false},"excerpt":{"rendered":"<p>Family,Lawyer August 19, 2024 Discover A Better Way Of Redefining Company New..<\/p>","protected":false},"author":1,"featured_media":0,"parent":0,"menu_order":0,"comment_status":"closed","ping_status":"closed","template":"","meta":{"footnotes":""},"class_list":["post-36036","page","type-page","status-publish","hentry"],"_links":{"self":[{"href":"https:\/\/aktodorovic.rs\/sr\/wp-json\/wp\/v2\/pages\/36036","targetHints":{"allow":["GET"]}}],"collection":[{"href":"https:\/\/aktodorovic.rs\/sr\/wp-json\/wp\/v2\/pages"}],"about":[{"href":"https:\/\/aktodorovic.rs\/sr\/wp-json\/wp\/v2\/types\/page"}],"author":[{"embeddable":true,"href":"https:\/\/aktodorovic.rs\/sr\/wp-json\/wp\/v2\/users\/1"}],"replies":[{"embeddable":true,"href":"https:\/\/aktodorovic.rs\/sr\/wp-json\/wp\/v2\/comments?post=36036"}],"version-history":[{"count":0,"href":"https:\/\/aktodorovic.rs\/sr\/wp-json\/wp\/v2\/pages\/36036\/revisions"}],"wp:attachment":[{"href":"https:\/\/aktodorovic.rs\/sr\/wp-json\/wp\/v2\/media?parent=36036"}],"curies":[{"name":"wp","href":"https:\/\/api.w.org\/{rel}","templated":true}]}}